{"id":2495,"date":"2026-03-15T14:03:56","date_gmt":"2026-03-15T14:03:56","guid":{"rendered":"https:\/\/www.csu-utting.de\/?page_id=2495"},"modified":"2026-03-15T14:27:43","modified_gmt":"2026-03-15T14:27:43","slug":"gemeinderaete-2026-2032","status":"publish","type":"page","link":"https:\/\/www.csu-utting.de\/index.php\/gemeinderaete-2026-2032\/","title":{"rendered":"Gemeinder\u00e4te 2026 &#8211; 2032"},"content":{"rendered":"\t\t<div data-elementor-type=\"wp-page\" data-elementor-id=\"2495\" class=\"elementor elementor-2495\" data-elementor-settings=\"{&quot;ha_cmc_init_switcher&quot;:&quot;no&quot;}\">\n\t\t\t\t<div class=\"elementor-element elementor-element-1a1d4ce e-flex e-con-boxed e-con e-parent\" data-id=\"1a1d4ce\" data-element_type=\"container\" data-e-type=\"container\" data-settings=\"{&quot;_ha_eqh_enable&quot;:false}\">\n\t\t\t\t\t<div class=\"e-con-inner\">\n\t\t<div class=\"elementor-element elementor-element-3a71e2a e-con-full e-flex e-con e-child\" data-id=\"3a71e2a\" data-element_type=\"container\" data-e-type=\"container\" data-settings=\"{&quot;_ha_eqh_enable&quot;:false}\">\n\t\t\t\t<div class=\"elementor-element elementor-element-96a37c8 elementor-widget elementor-widget-image\" data-id=\"96a37c8\" data-element_type=\"widget\" data-e-type=\"widget\" data-widget_type=\"image.default\">\n\t\t\t\t<div class=\"elementor-widget-container\">\n\t\t\t\t\t\t\t\t\t\t\t\t<figure class=\"wp-caption\">\n\t\t\t\t\t\t\t\t\t\t<img fetchpriority=\"high\" decoding=\"async\" width=\"640\" height=\"640\" src=\"https:\/\/www.csu-utting.de\/wp-content\/uploads\/2025\/11\/BL-FlorianHoffmann-1024x1024.png\" class=\"attachment-large size-large wp-image-2188\" alt=\"\" srcset=\"https:\/\/www.csu-utting.de\/wp-content\/uploads\/2025\/11\/BL-FlorianHoffmann-1024x1024.png 1024w, https:\/\/www.csu-utting.de\/wp-content\/uploads\/2025\/11\/BL-FlorianHoffmann-300x300.png 300w, https:\/\/www.csu-utting.de\/wp-content\/uploads\/2025\/11\/BL-FlorianHoffmann-150x150.png 150w, https:\/\/www.csu-utting.de\/wp-content\/uploads\/2025\/11\/BL-FlorianHoffmann-768x768.png 768w, https:\/\/www.csu-utting.de\/wp-content\/uploads\/2025\/11\/BL-FlorianHoffmann.png 1500w\" sizes=\"(max-width: 640px) 100vw, 640px\" \/>\t\t\t\t\t\t\t\t\t\t\t<figcaption class=\"widget-image-caption wp-caption-text\"><\/figcaption>\n\t\t\t\t\t\t\t\t\t\t<\/figure>\n\t\t\t\t\t\t\t\t\t<\/div>\n\t\t\t\t<\/div>\n\t\t\t\t<\/div>\n\t\t<div class=\"elementor-element elementor-element-0572a04 e-con-full e-flex e-con e-child\" data-id=\"0572a04\" data-element_type=\"container\" data-e-type=\"container\" data-settings=\"{&quot;_ha_eqh_enable&quot;:false}\">\n\t\t\t\t<div class=\"elementor-element elementor-element-42b9207 elementor-widget elementor-widget-text-editor\" data-id=\"42b9207\" data-element_type=\"widget\" data-e-type=\"widget\" data-widget_type=\"text-editor.default\">\n\t\t\t\t<div class=\"elementor-widget-container\">\n\t\t\t\t\t\t\t\t\t<p><b>Name<\/b>: Florian Hoffmann<\/p><p><b>Familie\/ Kinder: <\/b>Partner, keine Kinder<\/p><p><b>Ausbildung\/ Beruf: <\/b>Schreiner, Verwaltungsangestellter, Hauptamtlicher B\u00fcrgermeister der Gemeinde Utting<\/p><p><b>Ehren\u00e4mter\/ Vereine: <\/b>Kommandant der Freiwilligen Feuerwehr Utting<\/p><p><b>Was ich an Utting mag: <\/b><\/p><p>Den d\u00f6rflichen aber dennoch modernen Charakter, die vielen Menschen, die sich im Ort, in den Vereinen und Kirchen engagieren und Utting zu einem vielf\u00e4ltigen und lebenswerten Ort machen.<\/p>\t\t\t\t\t\t\t\t<\/div>\n\t\t\t\t<\/div>\n\t\t\t\t<\/div>\n\t\t\t\t\t<\/div>\n\t\t\t\t<\/div>\n\t\t<div class=\"elementor-element elementor-element-cc18c0d e-flex e-con-boxed e-con e-parent\" data-id=\"cc18c0d\" data-element_type=\"container\" data-e-type=\"container\" data-settings=\"{&quot;_ha_eqh_enable&quot;:false}\">\n\t\t\t\t\t<div class=\"e-con-inner\">\n\t\t<div class=\"elementor-element elementor-element-3390769 e-con-full e-flex e-con e-child\" data-id=\"3390769\" data-element_type=\"container\" data-e-type=\"container\" data-settings=\"{&quot;_ha_eqh_enable&quot;:false}\">\n\t\t\t\t<div class=\"elementor-element elementor-element-0dd070e elementor-widget elementor-widget-image\" data-id=\"0dd070e\" data-element_type=\"widget\" data-e-type=\"widget\" data-widget_type=\"image.default\">\n\t\t\t\t<div class=\"elementor-widget-container\">\n\t\t\t\t\t\t\t\t\t\t\t\t<figure class=\"wp-caption\">\n\t\t\t\t\t\t\t\t\t\t<img decoding=\"async\" width=\"640\" height=\"640\" src=\"https:\/\/www.csu-utting.de\/wp-content\/uploads\/2025\/11\/BL-KorbinianPickl-1024x1024.png\" class=\"attachment-large size-large wp-image-2237\" alt=\"\" srcset=\"https:\/\/www.csu-utting.de\/wp-content\/uploads\/2025\/11\/BL-KorbinianPickl-1024x1024.png 1024w, https:\/\/www.csu-utting.de\/wp-content\/uploads\/2025\/11\/BL-KorbinianPickl-300x300.png 300w, https:\/\/www.csu-utting.de\/wp-content\/uploads\/2025\/11\/BL-KorbinianPickl-150x150.png 150w, https:\/\/www.csu-utting.de\/wp-content\/uploads\/2025\/11\/BL-KorbinianPickl-768x768.png 768w, https:\/\/www.csu-utting.de\/wp-content\/uploads\/2025\/11\/BL-KorbinianPickl.png 1500w\" sizes=\"(max-width: 640px) 100vw, 640px\" \/>\t\t\t\t\t\t\t\t\t\t\t<figcaption class=\"widget-image-caption wp-caption-text\"><\/figcaption>\n\t\t\t\t\t\t\t\t\t\t<\/figure>\n\t\t\t\t\t\t\t\t\t<\/div>\n\t\t\t\t<\/div>\n\t\t\t\t<\/div>\n\t\t<div class=\"elementor-element elementor-element-15af71d e-con-full e-flex e-con e-child\" data-id=\"15af71d\" data-element_type=\"container\" data-e-type=\"container\" data-settings=\"{&quot;_ha_eqh_enable&quot;:false}\">\n\t\t\t\t<div class=\"elementor-element elementor-element-e818e98 elementor-widget elementor-widget-text-editor\" data-id=\"e818e98\" data-element_type=\"widget\" data-e-type=\"widget\" data-widget_type=\"text-editor.default\">\n\t\t\t\t<div class=\"elementor-widget-container\">\n\t\t\t\t\t\t\t\t\t<p><strong>Familie\/ Kinder:<\/strong>\u00a0 ledig, keine Kinder<\/p><p><strong>Ausbildung\/ Beruf:<\/strong> bwb. BWL Student, P\u00e4chter Campingplatz Utting<\/p><p><strong>Was ich an Utting mag:<\/strong>\u00a0 Utting ist meine Heimat, mein Zuhause,\u00a0 wo ich aufgewachsen bin, arbeite und mit Menschen lebe die mir sehr viel bedeuten.<\/p><p><strong>Warum ich kandidiere\/ f\u00fcr was bringe ich mich ein?\u00a0 <\/strong>Ich m\u00f6chte mich f\u00fcr mehr Agilit\u00e4t, Digitalisierung und Automatisierung in der Verwaltung einsetzen.<\/p><p>Den Standort Utting f\u00fcr Unternehmen wieder attraktiver machen, sodass mehr Utting die M\u00f6glichkeit haben nicht nur in Utting zu leben, sondern auch zu arbeiten.<\/p><p>Den Tourismus in einem gesunden Ma\u00dfe f\u00f6rdern und lenken, sodass Einheimische und G\u00e4ste problemlos miteinander leben und voneinander profitieren k\u00f6nnen.<\/p>\t\t\t\t\t\t\t\t<\/div>\n\t\t\t\t<\/div>\n\t\t\t\t<\/div>\n\t\t\t\t\t<\/div>\n\t\t\t\t<\/div>\n\t\t<div class=\"elementor-element elementor-element-b5728f3 e-flex e-con-boxed e-con e-parent\" data-id=\"b5728f3\" data-element_type=\"container\" data-e-type=\"container\" data-settings=\"{&quot;_ha_eqh_enable&quot;:false}\">\n\t\t\t\t\t<div class=\"e-con-inner\">\n\t\t<div class=\"elementor-element elementor-element-ed75e8a e-con-full e-flex e-con e-child\" data-id=\"ed75e8a\" data-element_type=\"container\" data-e-type=\"container\" data-settings=\"{&quot;_ha_eqh_enable&quot;:false}\">\n\t\t\t\t<div class=\"elementor-element elementor-element-b897796 elementor-widget elementor-widget-image\" data-id=\"b897796\" data-element_type=\"widget\" data-e-type=\"widget\" data-widget_type=\"image.default\">\n\t\t\t\t<div class=\"elementor-widget-container\">\n\t\t\t\t\t\t\t\t\t\t\t\t<figure class=\"wp-caption\">\n\t\t\t\t\t\t\t\t\t\t<img decoding=\"async\" width=\"640\" height=\"640\" src=\"https:\/\/www.csu-utting.de\/wp-content\/uploads\/2025\/11\/BL-MarinaRadic-1024x1024.png\" class=\"attachment-large size-large wp-image-2189\" alt=\"\" srcset=\"https:\/\/www.csu-utting.de\/wp-content\/uploads\/2025\/11\/BL-MarinaRadic-1024x1024.png 1024w, https:\/\/www.csu-utting.de\/wp-content\/uploads\/2025\/11\/BL-MarinaRadic-300x300.png 300w, https:\/\/www.csu-utting.de\/wp-content\/uploads\/2025\/11\/BL-MarinaRadic-150x150.png 150w, https:\/\/www.csu-utting.de\/wp-content\/uploads\/2025\/11\/BL-MarinaRadic-768x768.png 768w, https:\/\/www.csu-utting.de\/wp-content\/uploads\/2025\/11\/BL-MarinaRadic.png 1500w\" sizes=\"(max-width: 640px) 100vw, 640px\" \/>\t\t\t\t\t\t\t\t\t\t\t<figcaption class=\"widget-image-caption wp-caption-text\"><\/figcaption>\n\t\t\t\t\t\t\t\t\t\t<\/figure>\n\t\t\t\t\t\t\t\t\t<\/div>\n\t\t\t\t<\/div>\n\t\t\t\t<\/div>\n\t\t<div class=\"elementor-element elementor-element-4f9cb02 e-con-full e-flex e-con e-child\" data-id=\"4f9cb02\" data-element_type=\"container\" data-e-type=\"container\" data-settings=\"{&quot;_ha_eqh_enable&quot;:false}\">\n\t\t\t\t<div class=\"elementor-element elementor-element-1754d99 elementor-widget elementor-widget-text-editor\" data-id=\"1754d99\" data-element_type=\"widget\" data-e-type=\"widget\" data-widget_type=\"text-editor.default\">\n\t\t\t\t<div class=\"elementor-widget-container\">\n\t\t\t\t\t\t\t\t\t<p><b>Familie\/ Kinder:\u00a0 \u00a0<\/b>Verheiratet, 3 Kinder<\/p><p><b>Ausbildung\/ Beruf:\u00a0 <\/b>Apothekerin in der R\u00f6mhild-Apotheke Die\u00dfen<\/p><p><b>Ehren\u00e4mter\/ Vereine:\u00a0 <\/b>Mitglied beim TSV Utting und dem F\u00f6rderverein der Grundschule Utting<\/p><p><b>Was ich an Utting mag:\u00a0 <\/b>Ich m\u00f6chte als Mutter und als Tochter zu einem attraktiven, interessanten und zukunftsorientierten Ort f\u00fcr alle Generationen beitragen. Dazu geh\u00f6ren z.B. eine einladende Ortsgestaltung, das Thema Gesundheit, sowie nachhaltige Ma\u00dfnahmen zur weiteren Steigerung unseres Lebensstandards.<\/p>\t\t\t\t\t\t\t\t<\/div>\n\t\t\t\t<\/div>\n\t\t\t\t<\/div>\n\t\t\t\t\t<\/div>\n\t\t\t\t<\/div>\n\t\t<div class=\"elementor-element elementor-element-73cfde2 e-flex e-con-boxed e-con e-parent\" data-id=\"73cfde2\" data-element_type=\"container\" data-e-type=\"container\" data-settings=\"{&quot;_ha_eqh_enable&quot;:false}\">\n\t\t\t\t\t<div class=\"e-con-inner\">\n\t\t<div class=\"elementor-element elementor-element-a914b65 e-con-full e-flex e-con e-child\" data-id=\"a914b65\" data-element_type=\"container\" data-e-type=\"container\" data-settings=\"{&quot;_ha_eqh_enable&quot;:false}\">\n\t\t\t\t<div class=\"elementor-element elementor-element-efaefb6 elementor-widget elementor-widget-image\" data-id=\"efaefb6\" data-element_type=\"widget\" data-e-type=\"widget\" data-widget_type=\"image.default\">\n\t\t\t\t<div class=\"elementor-widget-container\">\n\t\t\t\t\t\t\t\t\t\t\t\t<figure class=\"wp-caption\">\n\t\t\t\t\t\t\t\t\t\t<img loading=\"lazy\" decoding=\"async\" width=\"640\" height=\"640\" src=\"https:\/\/www.csu-utting.de\/wp-content\/uploads\/2025\/11\/BL-PeterLiebner-1024x1024.png\" class=\"attachment-large size-large wp-image-2235\" alt=\"\" srcset=\"https:\/\/www.csu-utting.de\/wp-content\/uploads\/2025\/11\/BL-PeterLiebner-1024x1024.png 1024w, https:\/\/www.csu-utting.de\/wp-content\/uploads\/2025\/11\/BL-PeterLiebner-300x300.png 300w, https:\/\/www.csu-utting.de\/wp-content\/uploads\/2025\/11\/BL-PeterLiebner-150x150.png 150w, https:\/\/www.csu-utting.de\/wp-content\/uploads\/2025\/11\/BL-PeterLiebner-768x768.png 768w, https:\/\/www.csu-utting.de\/wp-content\/uploads\/2025\/11\/BL-PeterLiebner.png 1500w\" sizes=\"(max-width: 640px) 100vw, 640px\" \/>\t\t\t\t\t\t\t\t\t\t\t<figcaption class=\"widget-image-caption wp-caption-text\"><\/figcaption>\n\t\t\t\t\t\t\t\t\t\t<\/figure>\n\t\t\t\t\t\t\t\t\t<\/div>\n\t\t\t\t<\/div>\n\t\t\t\t<\/div>\n\t\t<div class=\"elementor-element elementor-element-1df81e1 e-con-full e-flex e-con e-child\" data-id=\"1df81e1\" data-element_type=\"container\" data-e-type=\"container\" data-settings=\"{&quot;_ha_eqh_enable&quot;:false}\">\n\t\t\t\t<div class=\"elementor-element elementor-element-5fe1546 elementor-widget elementor-widget-text-editor\" data-id=\"5fe1546\" data-element_type=\"widget\" data-e-type=\"widget\" data-widget_type=\"text-editor.default\">\n\t\t\t\t<div class=\"elementor-widget-container\">\n\t\t\t\t\t\t\t\t\t<p><strong>Familie\/ Kinder:<\/strong>\u00a0 \u00a0Verheiratet<\/p><p><strong>Ausbildung\/ Beruf:<\/strong>\u00a0Bootsbauer Selbst\u00e4ndig<\/p><p><strong>Ehren\u00e4mter\/ Vereine:<\/strong>\u00a0 Gemeinderat B\u00fcrgerliste Referent f\u00fcr Kirche und Friedhof, Wohnungsreferent<\/p><p><strong>Was ich an Utting mag:<\/strong>\u00a0 den d\u00f6rflichen Charme, den See ,das Miteinander im Dorf<\/p><p><strong>Wie will ich mich einbringen:<\/strong>\u00a0 \u00a0 \u00a0 \u00a0 \u00a0 \u00a0 \u00a0 \u00a0 Das Heimische Gewerbe st\u00e4rken speziell im Handwerk und Abwanderung zu verhindern. Den Erhalt der Traditionen und des Dorfbildes. Der vern\u00fcftige Umgang mit den uns gegebenen Ressourcen.<\/p>\t\t\t\t\t\t\t\t<\/div>\n\t\t\t\t<\/div>\n\t\t\t\t<\/div>\n\t\t\t\t\t<\/div>\n\t\t\t\t<\/div>\n\t\t<div class=\"elementor-element elementor-element-b305ff7 e-flex e-con-boxed e-con e-parent\" data-id=\"b305ff7\" data-element_type=\"container\" data-e-type=\"container\" data-settings=\"{&quot;_ha_eqh_enable&quot;:false}\">\n\t\t\t\t\t<div class=\"e-con-inner\">\n\t\t<div class=\"elementor-element elementor-element-d2aae11 e-con-full e-flex e-con e-child\" data-id=\"d2aae11\" data-element_type=\"container\" data-e-type=\"container\" data-settings=\"{&quot;_ha_eqh_enable&quot;:false}\">\n\t\t\t\t<div class=\"elementor-element elementor-element-8b68763 elementor-widget elementor-widget-image\" data-id=\"8b68763\" data-element_type=\"widget\" data-e-type=\"widget\" data-widget_type=\"image.default\">\n\t\t\t\t<div class=\"elementor-widget-container\">\n\t\t\t\t\t\t\t\t\t\t\t\t<figure class=\"wp-caption\">\n\t\t\t\t\t\t\t\t\t\t<img loading=\"lazy\" decoding=\"async\" width=\"640\" height=\"640\" src=\"https:\/\/www.csu-utting.de\/wp-content\/uploads\/2025\/11\/BL-RalfStief-1024x1024.png\" class=\"attachment-large size-large wp-image-2236\" alt=\"\" srcset=\"https:\/\/www.csu-utting.de\/wp-content\/uploads\/2025\/11\/BL-RalfStief-1024x1024.png 1024w, https:\/\/www.csu-utting.de\/wp-content\/uploads\/2025\/11\/BL-RalfStief-300x300.png 300w, https:\/\/www.csu-utting.de\/wp-content\/uploads\/2025\/11\/BL-RalfStief-150x150.png 150w, https:\/\/www.csu-utting.de\/wp-content\/uploads\/2025\/11\/BL-RalfStief-768x768.png 768w, https:\/\/www.csu-utting.de\/wp-content\/uploads\/2025\/11\/BL-RalfStief.png 1500w\" sizes=\"(max-width: 640px) 100vw, 640px\" \/>\t\t\t\t\t\t\t\t\t\t\t<figcaption class=\"widget-image-caption wp-caption-text\"><\/figcaption>\n\t\t\t\t\t\t\t\t\t\t<\/figure>\n\t\t\t\t\t\t\t\t\t<\/div>\n\t\t\t\t<\/div>\n\t\t\t\t<\/div>\n\t\t<div class=\"elementor-element elementor-element-f6342f8 e-con-full e-flex e-con e-child\" data-id=\"f6342f8\" data-element_type=\"container\" data-e-type=\"container\" data-settings=\"{&quot;_ha_eqh_enable&quot;:false}\">\n\t\t\t\t<div class=\"elementor-element elementor-element-405c549 elementor-widget elementor-widget-text-editor\" data-id=\"405c549\" data-element_type=\"widget\" data-e-type=\"widget\" data-widget_type=\"text-editor.default\">\n\t\t\t\t<div class=\"elementor-widget-container\">\n\t\t\t\t\t\t\t\t\t<p><strong>Familie\/ Kinder:<\/strong>\u00a0 \u00a0Verheiratet, zwei erwachsene T\u00f6chter<\/p><p><strong>Ausbildung\/ Beruf:<\/strong>\u00a0 \u00a0Dipl. Ing. (FH) Bauwesen, i.R. zul. Bay. Staatsministerium des Innern<\/p><p><strong>Ehren\u00e4mter\/ Vereine:<\/strong>\u00a0 \u00a0Gemeinderat B\u00fcrgerliste, Mitglied Bau- und Umweltausschuss, Referent f\u00fcr die gmdl. Stra\u00dfen, Mitglied Verwaltungsrat Kommunalunternehmen Utting, Vorstandsmitglied TSV Utting Geb\u00e4udeverwaltung<\/p><p><strong>Was ich an Utting mag? Warum ich kandidiere \/ f\u00fcr was bringe ich mich ein?<\/strong><\/p><p>Bauen und Baurecht, Umweltbelange, Verkehr und Verwaltungsrecht waren meine beruflichen Schwerpunkte, die f\u00fcr meine bisherige langj\u00e4hrige T\u00e4tigkeit als Gemeinderat sehr hilfreich waren. Als begeisterter und engagierter Uttinger w\u00fcrde ich gerne diese fachliche Expertise auch weiterhin einbringen, um unser Utting noch sch\u00f6ner, besser und zukunftsfest zu machen.<\/p>\t\t\t\t\t\t\t\t<\/div>\n\t\t\t\t<\/div>\n\t\t\t\t<\/div>\n\t\t\t\t\t<\/div>\n\t\t\t\t<\/div>\n\t\t<div class=\"elementor-element elementor-element-7fab569 e-flex e-con-boxed e-con e-parent\" data-id=\"7fab569\" data-element_type=\"container\" data-e-type=\"container\" data-settings=\"{&quot;_ha_eqh_enable&quot;:false}\">\n\t\t\t\t\t<div class=\"e-con-inner\">\n\t\t<div class=\"elementor-element elementor-element-23b87a2 e-con-full e-flex e-con e-child\" data-id=\"23b87a2\" data-element_type=\"container\" data-e-type=\"container\" data-settings=\"{&quot;_ha_eqh_enable&quot;:false}\">\n\t\t\t\t<div class=\"elementor-element elementor-element-8747c1a elementor-widget elementor-widget-image\" data-id=\"8747c1a\" data-element_type=\"widget\" data-e-type=\"widget\" data-widget_type=\"image.default\">\n\t\t\t\t<div class=\"elementor-widget-container\">\n\t\t\t\t\t\t\t\t\t\t\t\t<figure class=\"wp-caption\">\n\t\t\t\t\t\t\t\t\t\t<img loading=\"lazy\" decoding=\"async\" width=\"640\" height=\"640\" src=\"https:\/\/www.csu-utting.de\/wp-content\/uploads\/2025\/11\/BL-RalphSeiz-1024x1024.png\" class=\"attachment-large size-large wp-image-2191\" alt=\"\" srcset=\"https:\/\/www.csu-utting.de\/wp-content\/uploads\/2025\/11\/BL-RalphSeiz-1024x1024.png 1024w, https:\/\/www.csu-utting.de\/wp-content\/uploads\/2025\/11\/BL-RalphSeiz-300x300.png 300w, https:\/\/www.csu-utting.de\/wp-content\/uploads\/2025\/11\/BL-RalphSeiz-150x150.png 150w, https:\/\/www.csu-utting.de\/wp-content\/uploads\/2025\/11\/BL-RalphSeiz-768x768.png 768w, https:\/\/www.csu-utting.de\/wp-content\/uploads\/2025\/11\/BL-RalphSeiz.png 1500w\" sizes=\"(max-width: 640px) 100vw, 640px\" \/>\t\t\t\t\t\t\t\t\t\t\t<figcaption class=\"widget-image-caption wp-caption-text\"><\/figcaption>\n\t\t\t\t\t\t\t\t\t\t<\/figure>\n\t\t\t\t\t\t\t\t\t<\/div>\n\t\t\t\t<\/div>\n\t\t\t\t<\/div>\n\t\t<div class=\"elementor-element elementor-element-2e5f784 e-con-full e-flex e-con e-child\" data-id=\"2e5f784\" data-element_type=\"container\" data-e-type=\"container\" data-settings=\"{&quot;_ha_eqh_enable&quot;:false}\">\n\t\t\t\t<div class=\"elementor-element elementor-element-8d8537a elementor-widget elementor-widget-text-editor\" data-id=\"8d8537a\" data-element_type=\"widget\" data-e-type=\"widget\" data-widget_type=\"text-editor.default\">\n\t\t\t\t<div class=\"elementor-widget-container\">\n\t\t\t\t\t\t\t\t\t<p class=\"cvGsUA direction-ltr align-start para-style-body\"><span class=\"a_GcMg font-feature-liga-off font-feature-clig-off font-feature-calt-off text-decoration-none text-strikethrough-none\"><strong>Familie:<\/strong> <\/span><span class=\"a_GcMg font-feature-liga-off font-feature-clig-off font-feature-calt-off text-decoration-none text-strikethrough-none\">Partner, 3 erw. Kinder<\/span><\/p><p class=\"cvGsUA direction-ltr align-start para-style-body\"><strong><span class=\"a_GcMg font-feature-liga-off font-feature-clig-off font-feature-calt-off text-decoration-none text-strikethrough-none\">Ausbildung\/ Beruf: <\/span><\/strong><span class=\"a_GcMg font-feature-liga-off font-feature-clig-off font-feature-calt-off text-decoration-none text-strikethrough-none\">Dipl. Kaufmann, bei BMW in M\u00fcnchen im Bereich Handelsentwicklung t\u00e4tig<\/span><\/p><p class=\"cvGsUA direction-ltr align-start para-style-body\"><strong><span class=\"a_GcMg font-feature-liga-off font-feature-clig-off font-feature-calt-off text-decoration-none text-strikethrough-none\">Ehren\u00e4mter\/ Vereine: <\/span><\/strong><span class=\"a_GcMg font-feature-liga-off font-feature-clig-off font-feature-calt-off text-decoration-none text-strikethrough-none\">Amtierender Gemeinderat, im Finanzausschuss, Referent f\u00fcr <\/span><span class=\"a_GcMg font-feature-liga-off font-feature-clig-off font-feature-calt-off text-decoration-none text-strikethrough-none\">Tourismus &amp; unsere Partnerstadt Auray.<\/span><\/p><p class=\"cvGsUA direction-ltr align-start para-style-body\"><strong><span class=\"a_GcMg font-feature-liga-off font-feature-clig-off font-feature-calt-off text-decoration-none text-strikethrough-none\">Hierf\u00fcr kandidiere ich: <\/span><\/strong><span class=\"a_GcMg font-feature-liga-off font-feature-clig-off font-feature-calt-off text-decoration-none text-strikethrough-none\">Es gibt viele Ma\u00dfnahmen, die angegangen werden k\u00f6nnen. z.B. <\/span><span class=\"a_GcMg font-feature-liga-off font-feature-clig-off font-feature-calt-off text-decoration-none text-strikethrough-none\">eine B\u00fcrgerinformation zu lokalen Umweltf\u00f6rdermitteln des LK <\/span><span class=\"a_GcMg font-feature-liga-off font-feature-clig-off font-feature-calt-off text-decoration-none text-strikethrough-none\">LL, die Einrichtung von Ladeinfrastrukturen f\u00fcr E Autos (Uttinger Pendler) sowie die energetische Sanierung von <\/span><span class=\"a_GcMg font-feature-liga-off font-feature-clig-off font-feature-calt-off text-decoration-none text-strikethrough-none\">\u00f6ffentlichen Geb\u00e4uden. Ich unterst\u00fctze die Neueinrichtung des <\/span><span class=\"a_GcMg font-feature-liga-off font-feature-clig-off font-feature-calt-off text-decoration-none text-strikethrough-none\">Jugendhaus, um unserer Jugend eine M\u00f6glichkeit zu geben, sich zu treffen und auch Mitverantwortung f\u00fcr das Betreiben zu <\/span><span class=\"a_GcMg font-feature-liga-off font-feature-clig-off font-feature-calt-off text-decoration-none text-strikethrough-none\">\u00fcbernehmen. Eine gut funktionierende Jugendarbeit st\u00e4rkt den <\/span><span class=\"a_GcMg font-feature-liga-off font-feature-clig-off font-feature-calt-off text-decoration-none text-strikethrough-none\">Ort und unterst\u00fctzt langfristig lokale Vereine.<\/span><\/p>\t\t\t\t\t\t\t\t<\/div>\n\t\t\t\t<\/div>\n\t\t\t\t<\/div>\n\t\t\t\t\t<\/div>\n\t\t\t\t<\/div>\n\t\t\t\t<\/div>\n\t\t","protected":false},"excerpt":{"rendered":"<p>Name: Florian Hoffmann Familie\/ Kinder: Partner, keine Kinder Ausbildung\/ Beruf: Schreiner, Verwaltungsangestellter, Hauptamtlicher B\u00fcrgermeister der Gemeinde Utting Ehren\u00e4mter\/ Vereine: Kommandant der Freiwilligen Feuerwehr Utting Was ich an Utting mag: Den [&hellip;]<\/p>\n","protected":false},"author":5,"featured_media":0,"parent":0,"menu_order":0,"comment_status":"closed","ping_status":"closed","template":"","meta":{"advgb_blocks_editor_width":"","advgb_blocks_columns_visual_guide":"","ngg_post_thumbnail":0,"footnotes":""},"class_list":["post-2495","page","type-page","status-publish","hentry"],"coauthors":[],"author_meta":{"author_link":"https:\/\/www.csu-utting.de\/index.php\/author\/mvierhei\/","display_name":"Michael Vierheilig"},"relative_dates":{"created":"Posted 1\u00a0Monat ago","modified":"Updated 1\u00a0Monat ago"},"absolute_dates":{"created":"Posted on 15. M\u00e4rz 2026","modified":"Updated on 15. M\u00e4rz 2026"},"absolute_dates_time":{"created":"Posted on 15. M\u00e4rz 2026 14:03","modified":"Updated on 15. M\u00e4rz 2026 14:27"},"featured_img_caption":"","featured_img":false,"series_order":"","_links":{"self":[{"href":"https:\/\/www.csu-utting.de\/index.php\/wp-json\/wp\/v2\/pages\/2495","targetHints":{"allow":["GET"]}}],"collection":[{"href":"https:\/\/www.csu-utting.de\/index.php\/wp-json\/wp\/v2\/pages"}],"about":[{"href":"https:\/\/www.csu-utting.de\/index.php\/wp-json\/wp\/v2\/types\/page"}],"author":[{"embeddable":true,"href":"https:\/\/www.csu-utting.de\/index.php\/wp-json\/wp\/v2\/users\/5"}],"replies":[{"embeddable":true,"href":"https:\/\/www.csu-utting.de\/index.php\/wp-json\/wp\/v2\/comments?post=2495"}],"version-history":[{"count":10,"href":"https:\/\/www.csu-utting.de\/index.php\/wp-json\/wp\/v2\/pages\/2495\/revisions"}],"predecessor-version":[{"id":2507,"href":"https:\/\/www.csu-utting.de\/index.php\/wp-json\/wp\/v2\/pages\/2495\/revisions\/2507"}],"wp:attachment":[{"href":"https:\/\/www.csu-utting.de\/index.php\/wp-json\/wp\/v2\/media?parent=2495"}],"curies":[{"name":"wp","href":"https:\/\/api.w.org\/{rel}","templated":true}]}}